{"id":38,"date":"2021-05-02T14:48:45","date_gmt":"2021-05-02T12:48:45","guid":{"rendered":"https:\/\/mykindof.art\/?page_id=38"},"modified":"2021-05-14T22:44:01","modified_gmt":"2021-05-14T20:44:01","slug":"kontakt","status":"publish","type":"page","link":"https:\/\/mykindof.art\/acrylgemaelde\/kontakt\/","title":{"rendered":"Kontakt &#038; Impressum"},"content":{"rendered":"\n<p>Du hast Interesse an einem bestimmten Bild? Du m\u00f6chtest Dich zu einem individuell angefertigten Gem\u00e4lde informieren? Bei Fragen kannst Du Dich gerne an mich wenden. Schreib mir einfach eine <strong><a href=\"mailto:KONTAKT@MYKINDOF.ART\" data-type=\"mailto\" data-id=\"mailto:KONTAKT@MYKINDOF.ART\">E-Mail<\/a><\/strong>. Fragen kostet nichts. Ich antworte so schnell wie m\u00f6glich und bedanke mich jetzt schon f\u00fcr Dein Interesse.<\/p>\n\n\n\n<div class=\"wp-container-2 wp-block-buttons is-content-justification-center\">\n<div class=\"wp-block-button has-custom-width wp-block-button__width-50 is-style-outline\"><a class=\"wp-block-button__link has-dark-gray-color has-white-background-color has-text-color has-background no-border-radius\" href=\"mailto:KONTAKT@MYKINDOF.ART\">Kontakt aufnehmen<\/a><\/div>\n<\/div>\n\n\n\n<hr class=\"wp-block-separator\"\/>\n\n\n\n<h2>Rechtliche Informationen<\/h2>\n\n\n\n<p>Ein wichtiger Hinweis: Alle Anfragen Deinerseits sind v\u00f6llig unverbindlich. Dies ist kein Online-Shop. K\u00e4ufe und Auftr\u00e4ge werden per schriftlichem Vertrag geschlossen, den ich bei Interesse &#8211; inklusive geltender Allgemeiner Gesch\u00e4ftsbedingungen &#8211; gerne vorausgef\u00fcllt zusende. Weitere rechtliche Informationen findest du hier:<\/p>\n\n\n\n<div class=\"wp-container-3 wp-block-buttons is-content-justification-center\">\n<div class=\"wp-block-button has-custom-width wp-block-button__width-50 is-style-outline\"><a class=\"wp-block-button__link has-dark-gray-color has-white-background-color has-text-color has-background no-border-radius\" href=\"https:\/\/mykindof.art\/impressum\">Impressum<\/a><\/div>\n<\/div>\n\n\n\n<p><\/p>\n","protected":false},"excerpt":{"rendered":"<p>Du hast Interesse an einem bestimmten Bild? Du m\u00f6chtest Dich zu einem individuell angefertigten Gem\u00e4lde informieren? Bei Fragen kannst Du Dich gerne an mich wenden. Schreib mir einfach eine E-Mail. Fragen kostet nichts. Ich antworte so schnell wie m\u00f6glich und bedanke mich jetzt schon f\u00fcr Dein Interesse. Rechtliche Informationen Ein wichtiger Hinweis: Alle Anfragen Deinerseits [&hellip;]<\/p>\n","protected":false},"author":1,"featured_media":0,"parent":0,"menu_order":0,"comment_status":"closed","ping_status":"closed","template":"","meta":[],"_links":{"self":[{"href":"https:\/\/mykindof.art\/acrylgemaelde\/wp-json\/wp\/v2\/pages\/38"}],"collection":[{"href":"https:\/\/mykindof.art\/acrylgemaelde\/wp-json\/wp\/v2\/pages"}],"about":[{"href":"https:\/\/mykindof.art\/acrylgemaelde\/wp-json\/wp\/v2\/types\/page"}],"author":[{"embeddable":true,"href":"https:\/\/mykindof.art\/acrylgemaelde\/wp-json\/wp\/v2\/users\/1"}],"replies":[{"embeddable":true,"href":"https:\/\/mykindof.art\/acrylgemaelde\/wp-json\/wp\/v2\/comments?post=38"}],"version-history":[{"count":13,"href":"https:\/\/mykindof.art\/acrylgemaelde\/wp-json\/wp\/v2\/pages\/38\/revisions"}],"predecessor-version":[{"id":335,"href":"https:\/\/mykindof.art\/acrylgemaelde\/wp-json\/wp\/v2\/pages\/38\/revisions\/335"}],"wp:attachment":[{"href":"https:\/\/mykindof.art\/acrylgemaelde\/wp-json\/wp\/v2\/media?parent=38"}],"curies":[{"name":"wp","href":"https:\/\/api.w.org\/{rel}","templated":true}]}}