{"id":2,"date":"2021-05-01T21:13:51","date_gmt":"2021-05-01T19:13:51","guid":{"rendered":"http:\/\/mykindof.art\/?page_id=2"},"modified":"2022-10-25T22:29:26","modified_gmt":"2022-10-25T20:29:26","slug":"dein-individuelles-wunschbild","status":"publish","type":"page","link":"https:\/\/mykindof.art\/acrylgemaelde\/","title":{"rendered":"Acrylgem\u00e4lde auf die geometrische Art. F\u00fcr mehr Kunst im Leben."},"content":{"rendered":"\n<p><\/p>\n\n\n\n<p><\/p>\n\n\n<div class=\"wp-block-image\">\n<figure class=\"aligncenter size-large is-resized\"><img loading=\"lazy\" src=\"https:\/\/mykindof.art\/wp-content\/uploads\/2021\/05\/Thomas-Bruell-Acrylgemaelde-Milieu-Erdtoene-Silber-Braun-Grau-60_60cm.png\" alt=\"\" class=\"wp-image-275\" width=\"476\" height=\"324\" srcset=\"https:\/\/mykindof.art\/wp-content\/uploads\/2021\/05\/Thomas-Bruell-Acrylgemaelde-Milieu-Erdtoene-Silber-Braun-Grau-60_60cm.png 986w, https:\/\/mykindof.art\/wp-content\/uploads\/2021\/05\/Thomas-Bruell-Acrylgemaelde-Milieu-Erdtoene-Silber-Braun-Grau-60_60cm-300x204.png 300w, https:\/\/mykindof.art\/wp-content\/uploads\/2021\/05\/Thomas-Bruell-Acrylgemaelde-Milieu-Erdtoene-Silber-Braun-Grau-60_60cm-768x523.png 768w, https:\/\/mykindof.art\/wp-content\/uploads\/2021\/05\/Thomas-Bruell-Acrylgemaelde-Milieu-Erdtoene-Silber-Braun-Grau-60_60cm-508x346.png 508w\" sizes=\"(max-width: 476px) 100vw, 476px\" \/><figcaption>Hier seht ihr ein 60 x 60 cm gro\u00dfes Gem\u00e4lde in Erdt\u00f6nen mit Silber\/Grau. Mit grauem Schattenfugenrahmen.<\/figcaption><\/figure><\/div>\n\n\n<p>Schau Dir gerne <strong>bereits bestehende Werke<\/strong> an. Eine \u00dcbersicht findest du hier:<\/p>\n\n\n\n<div class=\"wp-container-2 is-horizontal is-content-justification-center wp-block-buttons\">\n<div class=\"wp-block-button has-custom-width wp-block-button__width-50 is-style-outline\"><a class=\"wp-block-button__link has-dark-gray-color has-white-background-color has-text-color has-background\" href=\"https:\/\/mykindof.art\/acrylgemaelde\/impressionen_angebote\/\">Impressionen &amp; Angebote <\/a><\/div>\n<\/div>\n\n\n\n<p>Du kannst auch in wenigen Schritten definieren, was ein f\u00fcr dich angefertigtes Acrylbild ausmachen soll. Es ist ganz einfach. Welche Farben soll <strong>Dein individuelles Gem\u00e4lde<\/strong> (nicht) enthalten? Wie beruhigt oder komplex soll es sein? Welchem Grundmuster soll es folgen und auf welcher Leinwandgr\u00f6\u00dfe m\u00f6chtest du es haben? <\/p>\n\n\n\n<figure class=\"wp-container-4 wp-block-gallery-3 wp-block-gallery has-nested-images columns-default is-cropped\">\n<figure class=\"wp-block-image size-large\"><img loading=\"lazy\" width=\"1024\" height=\"1024\" data-id=\"194\"  src=\"https:\/\/mykindof.art\/wp-content\/uploads\/2021\/05\/Thomas-Bruell-Aqua-Prism-Muster-2-60-60-1024x1024.jpg\" alt=\"\" class=\"wp-image-194\" srcset=\"https:\/\/mykindof.art\/wp-content\/uploads\/2021\/05\/Thomas-Bruell-Aqua-Prism-Muster-2-60-60-1024x1024.jpg 1024w, https:\/\/mykindof.art\/wp-content\/uploads\/2021\/05\/Thomas-Bruell-Aqua-Prism-Muster-2-60-60-300x300.jpg 300w, https:\/\/mykindof.art\/wp-content\/uploads\/2021\/05\/Thomas-Bruell-Aqua-Prism-Muster-2-60-60-150x150.jpg 150w, https:\/\/mykindof.art\/wp-content\/uploads\/2021\/05\/Thomas-Bruell-Aqua-Prism-Muster-2-60-60-768x768.jpg 768w, https:\/\/mykindof.art\/wp-content\/uploads\/2021\/05\/Thomas-Bruell-Aqua-Prism-Muster-2-60-60-1536x1536.jpg 1536w, https:\/\/mykindof.art\/wp-content\/uploads\/2021\/05\/Thomas-Bruell-Aqua-Prism-Muster-2-60-60-2048x2048.jpg 2048w, https:\/\/mykindof.art\/wp-content\/uploads\/2021\/05\/Thomas-Bruell-Aqua-Prism-Muster-2-60-60-1240x1240.jpg 1240w, https:\/\/mykindof.art\/wp-content\/uploads\/2021\/05\/Thomas-Bruell-Aqua-Prism-Muster-2-60-60-508x508.jpg 508w\" sizes=\"(max-width: 1024px) 100vw, 1024px\" \/><figcaption>60 x 60 cm; blau, gold<\/figcaption><\/figure>\n\n\n\n<figure class=\"wp-block-image size-large\"><img loading=\"lazy\" width=\"1021\" height=\"1024\" data-id=\"181\"  src=\"https:\/\/mykindof.art\/wp-content\/uploads\/2021\/05\/ThomasBruell-Acrylgemaelde-60x60cm-Silber-Erdtoene-Gold-Silber-Rosa-1021x1024.jpg\" alt=\"\" class=\"wp-image-181\" srcset=\"https:\/\/mykindof.art\/wp-content\/uploads\/2021\/05\/ThomasBruell-Acrylgemaelde-60x60cm-Silber-Erdtoene-Gold-Silber-Rosa-1021x1024.jpg 1021w, https:\/\/mykindof.art\/wp-content\/uploads\/2021\/05\/ThomasBruell-Acrylgemaelde-60x60cm-Silber-Erdtoene-Gold-Silber-Rosa-300x300.jpg 300w, https:\/\/mykindof.art\/wp-content\/uploads\/2021\/05\/ThomasBruell-Acrylgemaelde-60x60cm-Silber-Erdtoene-Gold-Silber-Rosa-150x150.jpg 150w, https:\/\/mykindof.art\/wp-content\/uploads\/2021\/05\/ThomasBruell-Acrylgemaelde-60x60cm-Silber-Erdtoene-Gold-Silber-Rosa-768x770.jpg 768w, https:\/\/mykindof.art\/wp-content\/uploads\/2021\/05\/ThomasBruell-Acrylgemaelde-60x60cm-Silber-Erdtoene-Gold-Silber-Rosa-1531x1536.jpg 1531w, https:\/\/mykindof.art\/wp-content\/uploads\/2021\/05\/ThomasBruell-Acrylgemaelde-60x60cm-Silber-Erdtoene-Gold-Silber-Rosa-2041x2048.jpg 2041w, https:\/\/mykindof.art\/wp-content\/uploads\/2021\/05\/ThomasBruell-Acrylgemaelde-60x60cm-Silber-Erdtoene-Gold-Silber-Rosa-1240x1244.jpg 1240w, https:\/\/mykindof.art\/wp-content\/uploads\/2021\/05\/ThomasBruell-Acrylgemaelde-60x60cm-Silber-Erdtoene-Gold-Silber-Rosa-508x510.jpg 508w\" sizes=\"(max-width: 1021px) 100vw, 1021px\" \/><figcaption>60 x 60 cm; Erdt\u00f6ne, silber<\/figcaption><\/figure>\n\n\n\n<figure class=\"wp-block-image size-large\"><img loading=\"lazy\" width=\"1017\" height=\"1024\" data-id=\"191\"  src=\"https:\/\/mykindof.art\/wp-content\/uploads\/2021\/05\/ThomasBruell-Acrylgemaelde-Prisma-40x40cm-Hell-Bunt-Gruen-Blau-Rot_1-1017x1024.jpg\" alt=\"\" class=\"wp-image-191\" srcset=\"https:\/\/mykindof.art\/wp-content\/uploads\/2021\/05\/ThomasBruell-Acrylgemaelde-Prisma-40x40cm-Hell-Bunt-Gruen-Blau-Rot_1-1017x1024.jpg 1017w, https:\/\/mykindof.art\/wp-content\/uploads\/2021\/05\/ThomasBruell-Acrylgemaelde-Prisma-40x40cm-Hell-Bunt-Gruen-Blau-Rot_1-298x300.jpg 298w, https:\/\/mykindof.art\/wp-content\/uploads\/2021\/05\/ThomasBruell-Acrylgemaelde-Prisma-40x40cm-Hell-Bunt-Gruen-Blau-Rot_1-150x150.jpg 150w, https:\/\/mykindof.art\/wp-content\/uploads\/2021\/05\/ThomasBruell-Acrylgemaelde-Prisma-40x40cm-Hell-Bunt-Gruen-Blau-Rot_1-768x773.jpg 768w, https:\/\/mykindof.art\/wp-content\/uploads\/2021\/05\/ThomasBruell-Acrylgemaelde-Prisma-40x40cm-Hell-Bunt-Gruen-Blau-Rot_1-1526x1536.jpg 1526w, https:\/\/mykindof.art\/wp-content\/uploads\/2021\/05\/ThomasBruell-Acrylgemaelde-Prisma-40x40cm-Hell-Bunt-Gruen-Blau-Rot_1-2034x2048.jpg 2034w, https:\/\/mykindof.art\/wp-content\/uploads\/2021\/05\/ThomasBruell-Acrylgemaelde-Prisma-40x40cm-Hell-Bunt-Gruen-Blau-Rot_1-1240x1248.jpg 1240w, https:\/\/mykindof.art\/wp-content\/uploads\/2021\/05\/ThomasBruell-Acrylgemaelde-Prisma-40x40cm-Hell-Bunt-Gruen-Blau-Rot_1-508x511.jpg 508w\" sizes=\"(max-width: 1017px) 100vw, 1017px\" \/><figcaption>40 x 40 cm; hell bunt<\/figcaption><\/figure>\n<figcaption class=\"blocks-gallery-caption\">Beispielbilder einer unendlichen M\u00f6glichkeit, dein individuelles Wunschgem\u00e4lde zu gestalten.<\/figcaption><\/figure>\n\n\n\n<hr class=\"wp-block-separator has-css-opacity\"\/>\n\n\n\n<div class=\"wp-container-5 is-horizontal is-content-justification-center wp-block-buttons\">\n<div class=\"wp-block-button has-custom-width wp-block-button__width-50 is-style-outline\"><a class=\"wp-block-button__link has-dark-gray-color has-white-background-color has-text-color has-background\" href=\"https:\/\/mykindof.art\/wunschbild-konfigurieren\"><strong>Wunschbild definieren<\/strong><\/a><\/div>\n<\/div>\n\n\n\n<p><\/p>\n\n\n<div class=\"wp-block-image\">\n<figure class=\"aligncenter size-large is-resized\"><img loading=\"lazy\" src=\"https:\/\/mykindof.art\/wp-content\/uploads\/2021\/05\/100x100-cm-Acrylgema\u0308lde-Blau-Aqua-Gold-Solber-edited.jpg\" alt=\"\" class=\"wp-image-356\" width=\"476\" height=\"326\" srcset=\"https:\/\/mykindof.art\/wp-content\/uploads\/2021\/05\/100x100-cm-Acrylgema\u0308lde-Blau-Aqua-Gold-Solber-edited.jpg 2207w, https:\/\/mykindof.art\/wp-content\/uploads\/2021\/05\/100x100-cm-Acrylgema\u0308lde-Blau-Aqua-Gold-Solber-edited-300x206.jpg 300w, https:\/\/mykindof.art\/wp-content\/uploads\/2021\/05\/100x100-cm-Acrylgema\u0308lde-Blau-Aqua-Gold-Solber-edited-1024x702.jpg 1024w, https:\/\/mykindof.art\/wp-content\/uploads\/2021\/05\/100x100-cm-Acrylgema\u0308lde-Blau-Aqua-Gold-Solber-edited-768x526.jpg 768w, https:\/\/mykindof.art\/wp-content\/uploads\/2021\/05\/100x100-cm-Acrylgema\u0308lde-Blau-Aqua-Gold-Solber-edited-1536x1052.jpg 1536w, https:\/\/mykindof.art\/wp-content\/uploads\/2021\/05\/100x100-cm-Acrylgema\u0308lde-Blau-Aqua-Gold-Solber-edited-2048x1403.jpg 2048w, https:\/\/mykindof.art\/wp-content\/uploads\/2021\/05\/100x100-cm-Acrylgema\u0308lde-Blau-Aqua-Gold-Solber-edited-1240x850.jpg 1240w, https:\/\/mykindof.art\/wp-content\/uploads\/2021\/05\/100x100-cm-Acrylgema\u0308lde-Blau-Aqua-Gold-Solber-edited-508x348.jpg 508w\" sizes=\"(max-width: 476px) 100vw, 476px\" \/><figcaption>Hier seht ihr ein 100 x 100 cm gro\u00dfes Gem\u00e4lde in Blau mit Silber\/Gold. <\/figcaption><\/figure><\/div>\n\n<h2>Der linie treu<\/h2>\n\n\n<p>Die Bilder sind meist graphisch gepr\u00e4gt, abstrakt und modern. Die simple Linie wird zum zentralen Merkmal der Gem\u00e4lde und macht sie konsequent markant. Der geometrisch gestalterische Rahmen wird kombiniert mit einem komplexen Gef\u00fchl f\u00fcr Farbe.<\/p>\n\n\n<h2>MATERIAL<\/h2>\n\n\n<p>Alle Gem\u00e4lde werden mit hochwertiger Acrylfarbe auf Leinwand gemalt. Ich verwende nur Leinw\u00e4nde, die auf Keilrahmen aus FSC-zertifiziertem Holz gespannt sind.<\/p>\n\n\n\n<hr class=\"wp-block-separator has-css-opacity\"\/>\n\n\n\n<figure class=\"wp-container-7 wp-block-gallery-6 wp-block-gallery has-nested-images columns-default is-cropped\">\n<figure class=\"wp-block-image size-large\"><img loading=\"lazy\" width=\"768\" height=\"1024\" data-id=\"25\"  src=\"https:\/\/mykindof.art\/wp-content\/uploads\/2021\/05\/Thomas-Bru\u0308ll-Acrylfarbe-768x1024.jpg\" alt=\"\" class=\"wp-image-25\" srcset=\"https:\/\/mykindof.art\/wp-content\/uploads\/2021\/05\/Thomas-Bru\u0308ll-Acrylfarbe-768x1024.jpg 768w, https:\/\/mykindof.art\/wp-content\/uploads\/2021\/05\/Thomas-Bru\u0308ll-Acrylfarbe-225x300.jpg 225w, https:\/\/mykindof.art\/wp-content\/uploads\/2021\/05\/Thomas-Bru\u0308ll-Acrylfarbe-1152x1536.jpg 1152w, https:\/\/mykindof.art\/wp-content\/uploads\/2021\/05\/Thomas-Bru\u0308ll-Acrylfarbe-1536x2048.jpg 1536w, https:\/\/mykindof.art\/wp-content\/uploads\/2021\/05\/Thomas-Bru\u0308ll-Acrylfarbe-1240x1653.jpg 1240w, https:\/\/mykindof.art\/wp-content\/uploads\/2021\/05\/Thomas-Bru\u0308ll-Acrylfarbe-508x677.jpg 508w, https:\/\/mykindof.art\/wp-content\/uploads\/2021\/05\/Thomas-Bru\u0308ll-Acrylfarbe-scaled.jpg 1920w\" sizes=\"(max-width: 768px) 100vw, 768px\" \/><\/figure>\n\n\n\n<figure class=\"wp-block-image size-large\"><img loading=\"lazy\" width=\"768\" height=\"1024\" data-id=\"26\"  src=\"https:\/\/mykindof.art\/wp-content\/uploads\/2021\/05\/Thomas-Bru\u0308ll-Pinsel-768x1024.jpg\" alt=\"\" class=\"wp-image-26\" srcset=\"https:\/\/mykindof.art\/wp-content\/uploads\/2021\/05\/Thomas-Bru\u0308ll-Pinsel-768x1024.jpg 768w, https:\/\/mykindof.art\/wp-content\/uploads\/2021\/05\/Thomas-Bru\u0308ll-Pinsel-225x300.jpg 225w, https:\/\/mykindof.art\/wp-content\/uploads\/2021\/05\/Thomas-Bru\u0308ll-Pinsel-1152x1536.jpg 1152w, https:\/\/mykindof.art\/wp-content\/uploads\/2021\/05\/Thomas-Bru\u0308ll-Pinsel-508x677.jpg 508w, https:\/\/mykindof.art\/wp-content\/uploads\/2021\/05\/Thomas-Bru\u0308ll-Pinsel.jpg 1220w\" sizes=\"(max-width: 768px) 100vw, 768px\" \/><\/figure>\n\n\n\n<figure class=\"wp-block-image size-large\"><img loading=\"lazy\" width=\"768\" height=\"1024\" data-id=\"27\"  src=\"https:\/\/mykindof.art\/wp-content\/uploads\/2021\/05\/Thomas-Bru\u0308ll-Staffelei-768x1024.jpg\" alt=\"\" class=\"wp-image-27\" srcset=\"https:\/\/mykindof.art\/wp-content\/uploads\/2021\/05\/Thomas-Bru\u0308ll-Staffelei-768x1024.jpg 768w, https:\/\/mykindof.art\/wp-content\/uploads\/2021\/05\/Thomas-Bru\u0308ll-Staffelei-225x300.jpg 225w, https:\/\/mykindof.art\/wp-content\/uploads\/2021\/05\/Thomas-Bru\u0308ll-Staffelei-1152x1536.jpg 1152w, https:\/\/mykindof.art\/wp-content\/uploads\/2021\/05\/Thomas-Bru\u0308ll-Staffelei-1536x2048.jpg 1536w, https:\/\/mykindof.art\/wp-content\/uploads\/2021\/05\/Thomas-Bru\u0308ll-Staffelei-1240x1653.jpg 1240w, https:\/\/mykindof.art\/wp-content\/uploads\/2021\/05\/Thomas-Bru\u0308ll-Staffelei-508x677.jpg 508w, https:\/\/mykindof.art\/wp-content\/uploads\/2021\/05\/Thomas-Bru\u0308ll-Staffelei-scaled.jpg 1920w\" sizes=\"(max-width: 768px) 100vw, 768px\" \/><\/figure>\n<figcaption class=\"blocks-gallery-caption\">F\u00fcr dein individuelles Wunschbild verwende ich hochwertige Materialien und Leidenschaft.<\/figcaption><\/figure>\n\n\n\n<blockquote class=\"wp-block-quote\"><p><em>F\u00fcr mehr Originalit\u00e4t und weniger Kunstdrucke. F\u00fcr die eigenen vier W\u00e4nde oder als Geschenk. Einfach f\u00fcr mehr Kunst im Leben.<\/em><\/p><cite>Thomas Br\u00fcll<\/cite><\/blockquote>\n\n\n\n<div class=\"wp-container-8 is-horizontal is-content-justification-center wp-block-buttons\">\n<div class=\"wp-block-button has-custom-width wp-block-button__width-50 is-style-outline\"><a class=\"wp-block-button__link has-dark-gray-color has-white-background-color has-text-color has-background\" href=\"mailto:kontakt@mykindof.art\">Kontakt aufnehmen<\/a><\/div>\n<\/div>\n\n\n<div class=\"wp-block-image\">\n<figure class=\"aligncenter size-large is-resized\"><img loading=\"lazy\" src=\"https:\/\/mykindof.art\/wp-content\/uploads\/2021\/05\/Acrylbild-50x60-cm-Blau-Gru\u0308n-1024x700.jpg\" alt=\"\" class=\"wp-image-360\" width=\"474\" height=\"324\" srcset=\"https:\/\/mykindof.art\/wp-content\/uploads\/2021\/05\/Acrylbild-50x60-cm-Blau-Gru\u0308n-1024x700.jpg 1024w, https:\/\/mykindof.art\/wp-content\/uploads\/2021\/05\/Acrylbild-50x60-cm-Blau-Gru\u0308n-300x205.jpg 300w, https:\/\/mykindof.art\/wp-content\/uploads\/2021\/05\/Acrylbild-50x60-cm-Blau-Gru\u0308n-768x525.jpg 768w, https:\/\/mykindof.art\/wp-content\/uploads\/2021\/05\/Acrylbild-50x60-cm-Blau-Gru\u0308n-1536x1051.jpg 1536w, https:\/\/mykindof.art\/wp-content\/uploads\/2021\/05\/Acrylbild-50x60-cm-Blau-Gru\u0308n-2048x1401.jpg 2048w, https:\/\/mykindof.art\/wp-content\/uploads\/2021\/05\/Acrylbild-50x60-cm-Blau-Gru\u0308n-1240x848.jpg 1240w, https:\/\/mykindof.art\/wp-content\/uploads\/2021\/05\/Acrylbild-50x60-cm-Blau-Gru\u0308n-508x347.jpg 508w\" sizes=\"(max-width: 474px) 100vw, 474px\" \/><figcaption>Hier seht ihr ein 50 x 60 cm gro\u00dfes Gem\u00e4lde in Blau\/Gr\u00fcn. <br>Mit wei\u00dfem Schattenfugenrahmen.<\/figcaption><\/figure><\/div>\n\n\n<p><\/p>\n","protected":false},"excerpt":{"rendered":"<p>Schau Dir gerne bereits bestehende Werke an. Eine \u00dcbersicht findest du hier: Du kannst auch in wenigen Schritten definieren, was ein f\u00fcr dich angefertigtes Acrylbild ausmachen soll. Es ist ganz einfach. Welche Farben soll Dein individuelles Gem\u00e4lde (nicht) enthalten? Wie beruhigt oder komplex soll es sein? Welchem Grundmuster soll es folgen und auf welcher Leinwandgr\u00f6\u00dfe [&hellip;]<\/p>\n","protected":false},"author":1,"featured_media":0,"parent":0,"menu_order":0,"comment_status":"closed","ping_status":"closed","template":"","meta":[],"_links":{"self":[{"href":"https:\/\/mykindof.art\/acrylgemaelde\/wp-json\/wp\/v2\/pages\/2"}],"collection":[{"href":"https:\/\/mykindof.art\/acrylgemaelde\/wp-json\/wp\/v2\/pages"}],"about":[{"href":"https:\/\/mykindof.art\/acrylgemaelde\/wp-json\/wp\/v2\/types\/page"}],"author":[{"embeddable":true,"href":"https:\/\/mykindof.art\/acrylgemaelde\/wp-json\/wp\/v2\/users\/1"}],"replies":[{"embeddable":true,"href":"https:\/\/mykindof.art\/acrylgemaelde\/wp-json\/wp\/v2\/comments?post=2"}],"version-history":[{"count":51,"href":"https:\/\/mykindof.art\/acrylgemaelde\/wp-json\/wp\/v2\/pages\/2\/revisions"}],"predecessor-version":[{"id":426,"href":"https:\/\/mykindof.art\/acrylgemaelde\/wp-json\/wp\/v2\/pages\/2\/revisions\/426"}],"wp:attachment":[{"href":"https:\/\/mykindof.art\/acrylgemaelde\/wp-json\/wp\/v2\/media?parent=2"}],"curies":[{"name":"wp","href":"https:\/\/api.w.org\/{rel}","templated":true}]}}